{"id":4923,"date":"2021-04-22T13:09:56","date_gmt":"2021-04-22T11:09:56","guid":{"rendered":"https:\/\/www.overseas-association.eu\/priorites\/transition-energetique-et-energies-renouvelables\/"},"modified":"2021-04-22T20:28:27","modified_gmt":"2021-04-22T18:28:27","slug":"transition-energetique-et-energies-renouvelables","status":"publish","type":"page","link":"https:\/\/www.overseas-association.eu\/fr\/priorites\/transition-energetique-et-energies-renouvelables\/","title":{"rendered":"Transition \u00e9nerg\u00e9tique et \u00e9nergies renouvelables"},"content":{"rendered":"","protected":false},"excerpt":{"rendered":"","protected":false},"author":1,"featured_media":3901,"parent":4044,"menu_order":1,"comment_status":"closed","ping_status":"closed","template":"page-templates\/priority.php","meta":{"_acf_changed":false,"footnotes":""},"class_list":["post-4923","page","type-page","status-publish","has-post-thumbnail","hentry"],"acf":[],"yoast_head":"<!-- This site is optimized with the Yoast SEO plugin v27.3 - https:\/\/yoast.com\/product\/yoast-seo-wordpress\/ -->\n<title>Transition \u00e9nerg\u00e9tique dans les territoires et pays d&#039;outre-mer de l&#039;UE<\/title>\n<meta name=\"description\" content=\"D\u00e9couvrez pourquoi et comment la transition \u00e9nerg\u00e9tique et les \u00e9nergies renouvelables sont l&#039;une des priorit\u00e9s des programmes de l&#039;UE dans les territoires et pays d&#039;outre-mer.\" \/>\n<meta name=\"robots\" content=\"index, follow, max-snippet:-1, max-image-preview:large, max-video-preview:-1\" \/>\n<link rel=\"canonical\" href=\"https:\/\/www.overseas-association.eu\/fr\/priorites\/transition-energetique-et-energies-renouvelables\/\" \/>\n<meta property=\"og:locale\" content=\"fr_FR\" \/>\n<meta property=\"og:type\" content=\"article\" \/>\n<meta property=\"og:title\" content=\"Transition \u00e9nerg\u00e9tique dans les territoires et pays d&#039;outre-mer de l&#039;UE\" \/>\n<meta property=\"og:description\" content=\"D\u00e9couvrez pourquoi et comment la transition \u00e9nerg\u00e9tique et les \u00e9nergies renouvelables sont l&#039;une des priorit\u00e9s des programmes de l&#039;UE dans les territoires et pays d&#039;outre-mer.\" \/>\n<meta property=\"og:url\" content=\"https:\/\/www.overseas-association.eu\/fr\/priorites\/transition-energetique-et-energies-renouvelables\/\" \/>\n<meta property=\"og:site_name\" content=\"OCTA\" \/>\n<meta property=\"article:modified_time\" content=\"2021-04-22T18:28:27+00:00\" \/>\n<meta property=\"og:image\" content=\"https:\/\/www.overseas-association.eu\/content\/uploads\/2021\/03\/Priorities_Energy-transition.jpg\" \/>\n\t<meta property=\"og:image:width\" content=\"320\" \/>\n\t<meta property=\"og:image:height\" content=\"480\" \/>\n\t<meta property=\"og:image:type\" content=\"image\/jpeg\" \/>\n<meta name=\"twitter:card\" content=\"summary_large_image\" \/>\n<script type=\"application\/ld+json\" class=\"yoast-schema-graph\">{\"@context\":\"https:\\\/\\\/schema.org\",\"@graph\":[{\"@type\":\"WebPage\",\"@id\":\"https:\\\/\\\/www.overseas-association.eu\\\/fr\\\/priorites\\\/transition-energetique-et-energies-renouvelables\\\/\",\"url\":\"https:\\\/\\\/www.overseas-association.eu\\\/fr\\\/priorites\\\/transition-energetique-et-energies-renouvelables\\\/\",\"name\":\"Transition \u00e9nerg\u00e9tique dans les territoires et pays d'outre-mer de l'UE\",\"isPartOf\":{\"@id\":\"https:\\\/\\\/www.overseas-association.eu\\\/fr\\\/#website\"},\"primaryImageOfPage\":{\"@id\":\"https:\\\/\\\/www.overseas-association.eu\\\/fr\\\/priorites\\\/transition-energetique-et-energies-renouvelables\\\/#primaryimage\"},\"image\":{\"@id\":\"https:\\\/\\\/www.overseas-association.eu\\\/fr\\\/priorites\\\/transition-energetique-et-energies-renouvelables\\\/#primaryimage\"},\"thumbnailUrl\":\"https:\\\/\\\/www.overseas-association.eu\\\/content\\\/uploads\\\/2021\\\/03\\\/Priorities_Energy-transition.jpg\",\"datePublished\":\"2021-04-22T11:09:56+00:00\",\"dateModified\":\"2021-04-22T18:28:27+00:00\",\"description\":\"D\u00e9couvrez pourquoi et comment la transition \u00e9nerg\u00e9tique et les \u00e9nergies renouvelables sont l'une des priorit\u00e9s des programmes de l'UE dans les territoires et pays d'outre-mer.\",\"breadcrumb\":{\"@id\":\"https:\\\/\\\/www.overseas-association.eu\\\/fr\\\/priorites\\\/transition-energetique-et-energies-renouvelables\\\/#breadcrumb\"},\"inLanguage\":\"fr-FR\",\"potentialAction\":[{\"@type\":\"ReadAction\",\"target\":[\"https:\\\/\\\/www.overseas-association.eu\\\/fr\\\/priorites\\\/transition-energetique-et-energies-renouvelables\\\/\"]}]},{\"@type\":\"ImageObject\",\"inLanguage\":\"fr-FR\",\"@id\":\"https:\\\/\\\/www.overseas-association.eu\\\/fr\\\/priorites\\\/transition-energetique-et-energies-renouvelables\\\/#primaryimage\",\"url\":\"https:\\\/\\\/www.overseas-association.eu\\\/content\\\/uploads\\\/2021\\\/03\\\/Priorities_Energy-transition.jpg\",\"contentUrl\":\"https:\\\/\\\/www.overseas-association.eu\\\/content\\\/uploads\\\/2021\\\/03\\\/Priorities_Energy-transition.jpg\",\"width\":320,\"height\":480},{\"@type\":\"BreadcrumbList\",\"@id\":\"https:\\\/\\\/www.overseas-association.eu\\\/fr\\\/priorites\\\/transition-energetique-et-energies-renouvelables\\\/#breadcrumb\",\"itemListElement\":[{\"@type\":\"ListItem\",\"position\":1,\"name\":\"Home\",\"item\":\"https:\\\/\\\/www.overseas-association.eu\\\/fr\\\/\"},{\"@type\":\"ListItem\",\"position\":2,\"name\":\"Priorit\u00e9s\",\"item\":\"https:\\\/\\\/www.overseas-association.eu\\\/fr\\\/priorites\\\/\"},{\"@type\":\"ListItem\",\"position\":3,\"name\":\"Transition \u00e9nerg\u00e9tique et \u00e9nergies renouvelables\"}]},{\"@type\":\"WebSite\",\"@id\":\"https:\\\/\\\/www.overseas-association.eu\\\/fr\\\/#website\",\"url\":\"https:\\\/\\\/www.overseas-association.eu\\\/fr\\\/\",\"name\":\"OCTA\",\"description\":\"Overseas Countries and Territories Association\",\"publisher\":{\"@id\":\"https:\\\/\\\/www.overseas-association.eu\\\/fr\\\/#organization\"},\"potentialAction\":[{\"@type\":\"SearchAction\",\"target\":{\"@type\":\"EntryPoint\",\"urlTemplate\":\"https:\\\/\\\/www.overseas-association.eu\\\/fr\\\/?s={search_term_string}\"},\"query-input\":{\"@type\":\"PropertyValueSpecification\",\"valueRequired\":true,\"valueName\":\"search_term_string\"}}],\"inLanguage\":\"fr-FR\"},{\"@type\":\"Organization\",\"@id\":\"https:\\\/\\\/www.overseas-association.eu\\\/fr\\\/#organization\",\"name\":\"Overseas Countries and Territories Association\",\"url\":\"https:\\\/\\\/www.overseas-association.eu\\\/fr\\\/\",\"logo\":{\"@type\":\"ImageObject\",\"inLanguage\":\"fr-FR\",\"@id\":\"https:\\\/\\\/www.overseas-association.eu\\\/fr\\\/#\\\/schema\\\/logo\\\/image\\\/\",\"url\":\"https:\\\/\\\/www.overseas-association.eu\\\/content\\\/uploads\\\/2021\\\/03\\\/logo.png\",\"contentUrl\":\"https:\\\/\\\/www.overseas-association.eu\\\/content\\\/uploads\\\/2021\\\/03\\\/logo.png\",\"width\":316,\"height\":134,\"caption\":\"Overseas Countries and Territories Association\"},\"image\":{\"@id\":\"https:\\\/\\\/www.overseas-association.eu\\\/fr\\\/#\\\/schema\\\/logo\\\/image\\\/\"}}]}<\/script>\n<!-- \/ Yoast SEO plugin. -->","yoast_head_json":{"title":"Transition \u00e9nerg\u00e9tique dans les territoires et pays d'outre-mer de l'UE","description":"D\u00e9couvrez pourquoi et comment la transition \u00e9nerg\u00e9tique et les \u00e9nergies renouvelables sont l'une des priorit\u00e9s des programmes de l'UE dans les territoires et pays d'outre-mer.","robots":{"index":"index","follow":"follow","max-snippet":"max-snippet:-1","max-image-preview":"max-image-preview:large","max-video-preview":"max-video-preview:-1"},"canonical":"https:\/\/www.overseas-association.eu\/fr\/priorites\/transition-energetique-et-energies-renouvelables\/","og_locale":"fr_FR","og_type":"article","og_title":"Transition \u00e9nerg\u00e9tique dans les territoires et pays d'outre-mer de l'UE","og_description":"D\u00e9couvrez pourquoi et comment la transition \u00e9nerg\u00e9tique et les \u00e9nergies renouvelables sont l'une des priorit\u00e9s des programmes de l'UE dans les territoires et pays d'outre-mer.","og_url":"https:\/\/www.overseas-association.eu\/fr\/priorites\/transition-energetique-et-energies-renouvelables\/","og_site_name":"OCTA","article_modified_time":"2021-04-22T18:28:27+00:00","og_image":[{"width":320,"height":480,"url":"https:\/\/www.overseas-association.eu\/content\/uploads\/2021\/03\/Priorities_Energy-transition.jpg","type":"image\/jpeg"}],"twitter_card":"summary_large_image","schema":{"@context":"https:\/\/schema.org","@graph":[{"@type":"WebPage","@id":"https:\/\/www.overseas-association.eu\/fr\/priorites\/transition-energetique-et-energies-renouvelables\/","url":"https:\/\/www.overseas-association.eu\/fr\/priorites\/transition-energetique-et-energies-renouvelables\/","name":"Transition \u00e9nerg\u00e9tique dans les territoires et pays d'outre-mer de l'UE","isPartOf":{"@id":"https:\/\/www.overseas-association.eu\/fr\/#website"},"primaryImageOfPage":{"@id":"https:\/\/www.overseas-association.eu\/fr\/priorites\/transition-energetique-et-energies-renouvelables\/#primaryimage"},"image":{"@id":"https:\/\/www.overseas-association.eu\/fr\/priorites\/transition-energetique-et-energies-renouvelables\/#primaryimage"},"thumbnailUrl":"https:\/\/www.overseas-association.eu\/content\/uploads\/2021\/03\/Priorities_Energy-transition.jpg","datePublished":"2021-04-22T11:09:56+00:00","dateModified":"2021-04-22T18:28:27+00:00","description":"D\u00e9couvrez pourquoi et comment la transition \u00e9nerg\u00e9tique et les \u00e9nergies renouvelables sont l'une des priorit\u00e9s des programmes de l'UE dans les territoires et pays d'outre-mer.","breadcrumb":{"@id":"https:\/\/www.overseas-association.eu\/fr\/priorites\/transition-energetique-et-energies-renouvelables\/#breadcrumb"},"inLanguage":"fr-FR","potentialAction":[{"@type":"ReadAction","target":["https:\/\/www.overseas-association.eu\/fr\/priorites\/transition-energetique-et-energies-renouvelables\/"]}]},{"@type":"ImageObject","inLanguage":"fr-FR","@id":"https:\/\/www.overseas-association.eu\/fr\/priorites\/transition-energetique-et-energies-renouvelables\/#primaryimage","url":"https:\/\/www.overseas-association.eu\/content\/uploads\/2021\/03\/Priorities_Energy-transition.jpg","contentUrl":"https:\/\/www.overseas-association.eu\/content\/uploads\/2021\/03\/Priorities_Energy-transition.jpg","width":320,"height":480},{"@type":"BreadcrumbList","@id":"https:\/\/www.overseas-association.eu\/fr\/priorites\/transition-energetique-et-energies-renouvelables\/#breadcrumb","itemListElement":[{"@type":"ListItem","position":1,"name":"Home","item":"https:\/\/www.overseas-association.eu\/fr\/"},{"@type":"ListItem","position":2,"name":"Priorit\u00e9s","item":"https:\/\/www.overseas-association.eu\/fr\/priorites\/"},{"@type":"ListItem","position":3,"name":"Transition \u00e9nerg\u00e9tique et \u00e9nergies renouvelables"}]},{"@type":"WebSite","@id":"https:\/\/www.overseas-association.eu\/fr\/#website","url":"https:\/\/www.overseas-association.eu\/fr\/","name":"OCTA","description":"Overseas Countries and Territories Association","publisher":{"@id":"https:\/\/www.overseas-association.eu\/fr\/#organization"},"potentialAction":[{"@type":"SearchAction","target":{"@type":"EntryPoint","urlTemplate":"https:\/\/www.overseas-association.eu\/fr\/?s={search_term_string}"},"query-input":{"@type":"PropertyValueSpecification","valueRequired":true,"valueName":"search_term_string"}}],"inLanguage":"fr-FR"},{"@type":"Organization","@id":"https:\/\/www.overseas-association.eu\/fr\/#organization","name":"Overseas Countries and Territories Association","url":"https:\/\/www.overseas-association.eu\/fr\/","logo":{"@type":"ImageObject","inLanguage":"fr-FR","@id":"https:\/\/www.overseas-association.eu\/fr\/#\/schema\/logo\/image\/","url":"https:\/\/www.overseas-association.eu\/content\/uploads\/2021\/03\/logo.png","contentUrl":"https:\/\/www.overseas-association.eu\/content\/uploads\/2021\/03\/logo.png","width":316,"height":134,"caption":"Overseas Countries and Territories Association"},"image":{"@id":"https:\/\/www.overseas-association.eu\/fr\/#\/schema\/logo\/image\/"}}]}},"_links":{"self":[{"href":"https:\/\/www.overseas-association.eu\/fr\/wp-json\/wp\/v2\/pages\/4923","targetHints":{"allow":["GET"]}}],"collection":[{"href":"https:\/\/www.overseas-association.eu\/fr\/wp-json\/wp\/v2\/pages"}],"about":[{"href":"https:\/\/www.overseas-association.eu\/fr\/wp-json\/wp\/v2\/types\/page"}],"author":[{"embeddable":true,"href":"https:\/\/www.overseas-association.eu\/fr\/wp-json\/wp\/v2\/users\/1"}],"replies":[{"embeddable":true,"href":"https:\/\/www.overseas-association.eu\/fr\/wp-json\/wp\/v2\/comments?post=4923"}],"version-history":[{"count":0,"href":"https:\/\/www.overseas-association.eu\/fr\/wp-json\/wp\/v2\/pages\/4923\/revisions"}],"up":[{"embeddable":true,"href":"https:\/\/www.overseas-association.eu\/fr\/wp-json\/wp\/v2\/pages\/4044"}],"wp:featuredmedia":[{"embeddable":true,"href":"https:\/\/www.overseas-association.eu\/fr\/wp-json\/wp\/v2\/media\/3901"}],"wp:attachment":[{"href":"https:\/\/www.overseas-association.eu\/fr\/wp-json\/wp\/v2\/media?parent=4923"}],"curies":[{"name":"wp","href":"https:\/\/api.w.org\/{rel}","templated":true}]}}