{"id":4057,"date":"2021-04-06T11:48:57","date_gmt":"2021-04-06T09:48:57","guid":{"rendered":"https:\/\/www.overseas-association.eu\/?page_id=4057"},"modified":"2021-04-28T15:05:19","modified_gmt":"2021-04-28T13:05:19","slug":"protection-des-donnees","status":"publish","type":"page","link":"https:\/\/www.overseas-association.eu\/fr\/protection-des-donnees\/","title":{"rendered":"Protection des donn\u00e9es"},"content":{"rendered":"<p style=\"text-align: justify;\">Depuis le 25 mai 2018, le nouveau r\u00e8glement g\u00e9n\u00e9ral de l&rsquo;UE sur la protection des donn\u00e9es est devenu applicable. Le GDPR impose une obligation de transparence, qui consiste \u00e0 fournir aux personnes concern\u00e9es des informations d\u00e9taill\u00e9es sur le traitement de leurs donn\u00e9es personnelles<\/p>\n<p style=\"text-align: justify;\"><em>&#8211;\u00a0\u00a0\u00a0\u00a0\u00a0<strong>\u00a0 <\/strong><\/em><strong><em>Google Analytics\u00a0<\/em><\/strong><\/p>\n<p style=\"text-align: justify;\">Nous utilisons Google Analytics pour recueillir des informations sur la fa\u00e7on dont les visiteurs utilisent notre site. Ces informations sont utilis\u00e9es pour cr\u00e9er des rapports et des analyses qui nous permettent d&rsquo;am\u00e9liorer le site pour nos utilisateurs. Les cookies utilis\u00e9s par Google Analytics collectent des informations sous une forme anonyme, notamment le nombre de visiteurs du site, l&rsquo;origine des visiteurs et les pages qu&rsquo;ils ont visit\u00e9es.<\/p>\n<p style=\"text-align: justify;\"><em>&#8211;\u00a0\u00a0\u00a0\u00a0\u00a0\u00a0 <\/em><strong><em>D\u00e9sactiver les cookies<\/em><\/strong><\/p>\n<p style=\"text-align: justify;\">Des informations \u00e0 ce sujet et vos options pour refuser les cookies publicitaires sont disponibles dans la section Param\u00e8tres des cookies.<\/p>\n<p style=\"text-align: justify;\"><em>&#8211;\u00a0\u00a0\u00a0\u00a0\u00a0\u00a0 <\/em><strong><em>Abonnement \u00e0 la newsletter et enregistrement des projets\/organisations<br \/>\n<\/em><\/strong><\/p>\n<p style=\"text-align: justify;\">En vous inscrivant \u00e0 la newsletter de l&rsquo;OCTA, vous nous enverrez votre adresse \u00e9lectronique (obligatoire) et d&rsquo;autres informations qui ne sont pas obligatoires, et nous souhaitons vous informer au pr\u00e9alable de la mani\u00e8re dont elles seront utilis\u00e9es.<\/p>\n<p style=\"text-align: justify;\">Par cons\u00e9quent, conform\u00e9ment au GDPR, nous vous informons que l&rsquo;OCTA traitera vos donn\u00e9es de mani\u00e8re licite et \u00e9quitable, uniquement lorsque cela sera n\u00e9cessaire, en utilisant des moyens papier et \u00e9lectroniques, en adoptant des mesures de s\u00e9curit\u00e9 techniques et organisationnelles ad\u00e9quates, uniquement dans le but de vous envoyer la newsletter et de fournir des statistiques sur le nombre global d&rsquo;utilisateurs inscrits, le type d&rsquo;organisations atteintes et les pays d&rsquo;appartenance des organisations.<\/p>\n<p style=\"text-align: justify;\">Vos donn\u00e9es seront trait\u00e9es par les employ\u00e9s et collaborateurs de l&rsquo;OCTA d\u00fbment autoris\u00e9s, ainsi que par les partenaires de l&rsquo;OCTA et certains fournisseurs externes (par exemple, les fournisseurs de services d&rsquo;h\u00e9bergement), et ne seront pas utilis\u00e9es pour l&rsquo;envoi de communications commerciales ou \u00e0 des fins de profilage.<\/p>\n<p style=\"text-align: justify;\">Vous pouvez \u00e0 tout moment exercer vos droits conform\u00e9ment au GDPR, comme demander l&rsquo;acc\u00e8s aux donn\u00e9es, les corriger en cas d&rsquo;erreur, les supprimer (par exemple si elles ne sont plus n\u00e9cessaires), la limitation du traitement et la portabilit\u00e9, ainsi que d\u00e9poser une plainte aupr\u00e8s de l&rsquo;autorit\u00e9 de surveillance.<\/p>\n<p style=\"text-align: justify;\">Si vous avez le moindre doute, n&rsquo;h\u00e9sitez pas \u00e0 nous contacter, nous vous fournirons tous les \u00e9claircissements n\u00e9cessaires.<\/p>\n<p style=\"text-align: justify;\"><em><u>CONTACT <\/u><\/em><\/p>\n<p style=\"text-align: justify;\">Pour nous contacter, veuillez utiliser notre formulaire de contact.<\/p>\n","protected":false},"excerpt":{"rendered":"<p> Depuis le 25 mai 2018, le nouveau r\u00e8glement g\u00e9n\u00e9ral de l&rsquo;UE sur la protection des donn\u00e9es est devenu applicable.<\/p>\n","protected":false},"author":1,"featured_media":0,"parent":0,"menu_order":18,"comment_status":"closed","ping_status":"closed","template":"","meta":{"_acf_changed":false,"footnotes":""},"class_list":["post-4057","page","type-page","status-publish","hentry"],"acf":[],"yoast_head":"<!-- This site is optimized with the Yoast SEO plugin v27.5 - https:\/\/yoast.com\/product\/yoast-seo-wordpress\/ -->\n<title>Data Protection on the OCTA official website.<\/title>\n<meta name=\"description\" content=\"Find out how your personal data is processed and protected when browsing OCTA&#039;s official website.\" \/>\n<meta name=\"robots\" content=\"index, follow, max-snippet:-1, max-image-preview:large, max-video-preview:-1\" \/>\n<link rel=\"canonical\" href=\"https:\/\/www.overseas-association.eu\/fr\/protection-des-donnees\/\" \/>\n<meta property=\"og:locale\" content=\"fr_FR\" \/>\n<meta property=\"og:type\" content=\"article\" \/>\n<meta property=\"og:title\" content=\"Data Protection on the OCTA official website.\" \/>\n<meta property=\"og:description\" content=\"Find out how your personal data is processed and protected when browsing OCTA&#039;s official website.\" \/>\n<meta property=\"og:url\" content=\"https:\/\/www.overseas-association.eu\/fr\/protection-des-donnees\/\" \/>\n<meta property=\"og:site_name\" content=\"OCTA\" \/>\n<meta property=\"article:modified_time\" content=\"2021-04-28T13:05:19+00:00\" \/>\n<meta property=\"og:image\" content=\"https:\/\/www.overseas-association.eu\/content\/uploads\/2021\/05\/OCTA-LOGO-HORIZONTAL_octa-horizontal-txt-blue.png\" \/>\n\t<meta property=\"og:image:width\" content=\"2048\" \/>\n\t<meta property=\"og:image:height\" content=\"910\" \/>\n\t<meta property=\"og:image:type\" content=\"image\/png\" \/>\n<meta name=\"twitter:card\" content=\"summary_large_image\" \/>\n<meta name=\"twitter:label1\" content=\"Dur\u00e9e de lecture estim\u00e9e\" \/>\n\t<meta name=\"twitter:data1\" content=\"2 minutes\" \/>\n<script type=\"application\/ld+json\" class=\"yoast-schema-graph\">{\"@context\":\"https:\\\/\\\/schema.org\",\"@graph\":[{\"@type\":\"WebPage\",\"@id\":\"https:\\\/\\\/www.overseas-association.eu\\\/fr\\\/protection-des-donnees\\\/\",\"url\":\"https:\\\/\\\/www.overseas-association.eu\\\/fr\\\/protection-des-donnees\\\/\",\"name\":\"Data Protection on the OCTA official website.\",\"isPartOf\":{\"@id\":\"https:\\\/\\\/www.overseas-association.eu\\\/fr\\\/#website\"},\"datePublished\":\"2021-04-06T09:48:57+00:00\",\"dateModified\":\"2021-04-28T13:05:19+00:00\",\"description\":\"Find out how your personal data is processed and protected when browsing OCTA's official website.\",\"breadcrumb\":{\"@id\":\"https:\\\/\\\/www.overseas-association.eu\\\/fr\\\/protection-des-donnees\\\/#breadcrumb\"},\"inLanguage\":\"fr-FR\",\"potentialAction\":[{\"@type\":\"ReadAction\",\"target\":[\"https:\\\/\\\/www.overseas-association.eu\\\/fr\\\/protection-des-donnees\\\/\"]}]},{\"@type\":\"BreadcrumbList\",\"@id\":\"https:\\\/\\\/www.overseas-association.eu\\\/fr\\\/protection-des-donnees\\\/#breadcrumb\",\"itemListElement\":[{\"@type\":\"ListItem\",\"position\":1,\"name\":\"Home\",\"item\":\"https:\\\/\\\/www.overseas-association.eu\\\/fr\\\/\"},{\"@type\":\"ListItem\",\"position\":2,\"name\":\"Protection des donn\u00e9es\"}]},{\"@type\":\"WebSite\",\"@id\":\"https:\\\/\\\/www.overseas-association.eu\\\/fr\\\/#website\",\"url\":\"https:\\\/\\\/www.overseas-association.eu\\\/fr\\\/\",\"name\":\"OCTA\",\"description\":\"Overseas Countries and Territories Association\",\"publisher\":{\"@id\":\"https:\\\/\\\/www.overseas-association.eu\\\/fr\\\/#organization\"},\"potentialAction\":[{\"@type\":\"SearchAction\",\"target\":{\"@type\":\"EntryPoint\",\"urlTemplate\":\"https:\\\/\\\/www.overseas-association.eu\\\/fr\\\/?s={search_term_string}\"},\"query-input\":{\"@type\":\"PropertyValueSpecification\",\"valueRequired\":true,\"valueName\":\"search_term_string\"}}],\"inLanguage\":\"fr-FR\"},{\"@type\":\"Organization\",\"@id\":\"https:\\\/\\\/www.overseas-association.eu\\\/fr\\\/#organization\",\"name\":\"Overseas Countries and Territories Association\",\"url\":\"https:\\\/\\\/www.overseas-association.eu\\\/fr\\\/\",\"logo\":{\"@type\":\"ImageObject\",\"inLanguage\":\"fr-FR\",\"@id\":\"https:\\\/\\\/www.overseas-association.eu\\\/fr\\\/#\\\/schema\\\/logo\\\/image\\\/\",\"url\":\"https:\\\/\\\/www.overseas-association.eu\\\/content\\\/uploads\\\/2021\\\/03\\\/logo.png\",\"contentUrl\":\"https:\\\/\\\/www.overseas-association.eu\\\/content\\\/uploads\\\/2021\\\/03\\\/logo.png\",\"width\":316,\"height\":134,\"caption\":\"Overseas Countries and Territories Association\"},\"image\":{\"@id\":\"https:\\\/\\\/www.overseas-association.eu\\\/fr\\\/#\\\/schema\\\/logo\\\/image\\\/\"}}]}<\/script>\n<!-- \/ Yoast SEO plugin. -->","yoast_head_json":{"title":"Data Protection on the OCTA official website.","description":"Find out how your personal data is processed and protected when browsing OCTA's official website.","robots":{"index":"index","follow":"follow","max-snippet":"max-snippet:-1","max-image-preview":"max-image-preview:large","max-video-preview":"max-video-preview:-1"},"canonical":"https:\/\/www.overseas-association.eu\/fr\/protection-des-donnees\/","og_locale":"fr_FR","og_type":"article","og_title":"Data Protection on the OCTA official website.","og_description":"Find out how your personal data is processed and protected when browsing OCTA's official website.","og_url":"https:\/\/www.overseas-association.eu\/fr\/protection-des-donnees\/","og_site_name":"OCTA","article_modified_time":"2021-04-28T13:05:19+00:00","og_image":[{"width":2048,"height":910,"url":"https:\/\/www.overseas-association.eu\/content\/uploads\/2021\/05\/OCTA-LOGO-HORIZONTAL_octa-horizontal-txt-blue.png","type":"image\/png"}],"twitter_card":"summary_large_image","twitter_misc":{"Dur\u00e9e de lecture estim\u00e9e":"2 minutes"},"schema":{"@context":"https:\/\/schema.org","@graph":[{"@type":"WebPage","@id":"https:\/\/www.overseas-association.eu\/fr\/protection-des-donnees\/","url":"https:\/\/www.overseas-association.eu\/fr\/protection-des-donnees\/","name":"Data Protection on the OCTA official website.","isPartOf":{"@id":"https:\/\/www.overseas-association.eu\/fr\/#website"},"datePublished":"2021-04-06T09:48:57+00:00","dateModified":"2021-04-28T13:05:19+00:00","description":"Find out how your personal data is processed and protected when browsing OCTA's official website.","breadcrumb":{"@id":"https:\/\/www.overseas-association.eu\/fr\/protection-des-donnees\/#breadcrumb"},"inLanguage":"fr-FR","potentialAction":[{"@type":"ReadAction","target":["https:\/\/www.overseas-association.eu\/fr\/protection-des-donnees\/"]}]},{"@type":"BreadcrumbList","@id":"https:\/\/www.overseas-association.eu\/fr\/protection-des-donnees\/#breadcrumb","itemListElement":[{"@type":"ListItem","position":1,"name":"Home","item":"https:\/\/www.overseas-association.eu\/fr\/"},{"@type":"ListItem","position":2,"name":"Protection des donn\u00e9es"}]},{"@type":"WebSite","@id":"https:\/\/www.overseas-association.eu\/fr\/#website","url":"https:\/\/www.overseas-association.eu\/fr\/","name":"OCTA","description":"Overseas Countries and Territories Association","publisher":{"@id":"https:\/\/www.overseas-association.eu\/fr\/#organization"},"potentialAction":[{"@type":"SearchAction","target":{"@type":"EntryPoint","urlTemplate":"https:\/\/www.overseas-association.eu\/fr\/?s={search_term_string}"},"query-input":{"@type":"PropertyValueSpecification","valueRequired":true,"valueName":"search_term_string"}}],"inLanguage":"fr-FR"},{"@type":"Organization","@id":"https:\/\/www.overseas-association.eu\/fr\/#organization","name":"Overseas Countries and Territories Association","url":"https:\/\/www.overseas-association.eu\/fr\/","logo":{"@type":"ImageObject","inLanguage":"fr-FR","@id":"https:\/\/www.overseas-association.eu\/fr\/#\/schema\/logo\/image\/","url":"https:\/\/www.overseas-association.eu\/content\/uploads\/2021\/03\/logo.png","contentUrl":"https:\/\/www.overseas-association.eu\/content\/uploads\/2021\/03\/logo.png","width":316,"height":134,"caption":"Overseas Countries and Territories Association"},"image":{"@id":"https:\/\/www.overseas-association.eu\/fr\/#\/schema\/logo\/image\/"}}]}},"_links":{"self":[{"href":"https:\/\/www.overseas-association.eu\/fr\/wp-json\/wp\/v2\/pages\/4057","targetHints":{"allow":["GET"]}}],"collection":[{"href":"https:\/\/www.overseas-association.eu\/fr\/wp-json\/wp\/v2\/pages"}],"about":[{"href":"https:\/\/www.overseas-association.eu\/fr\/wp-json\/wp\/v2\/types\/page"}],"author":[{"embeddable":true,"href":"https:\/\/www.overseas-association.eu\/fr\/wp-json\/wp\/v2\/users\/1"}],"replies":[{"embeddable":true,"href":"https:\/\/www.overseas-association.eu\/fr\/wp-json\/wp\/v2\/comments?post=4057"}],"version-history":[{"count":0,"href":"https:\/\/www.overseas-association.eu\/fr\/wp-json\/wp\/v2\/pages\/4057\/revisions"}],"wp:attachment":[{"href":"https:\/\/www.overseas-association.eu\/fr\/wp-json\/wp\/v2\/media?parent=4057"}],"curies":[{"name":"wp","href":"https:\/\/api.w.org\/{rel}","templated":true}]}}