{"id":3889,"date":"2021-03-30T15:08:36","date_gmt":"2021-03-30T13:08:36","guid":{"rendered":"https:\/\/www.overseas-association.eu\/eu-programmes\/"},"modified":"2025-07-28T11:06:45","modified_gmt":"2025-07-28T09:06:45","slug":"eu-programmes","status":"publish","type":"page","link":"https:\/\/www.overseas-association.eu\/fr\/eu-programmes\/","title":{"rendered":"Financements de l&rsquo;UE"},"content":{"rendered":"","protected":false},"excerpt":{"rendered":"<p>Cette section pr\u00e9sente les principaux programmes europ\u00e9ens accessibles aux pays et territoires d&rsquo;outre-mer. La D\u00e9cision d&rsquo;association outre-mer incluant le Groenland (DAOG) accorde aux PTOM l&rsquo;acc\u00e8s aux programmes horizontaux de l&rsquo;Union europ\u00e9enne dans des conditions \u00e9quivalentes \u00e0 celles du Danemark, des Pays-Bas et de la France respectivement.<\/p>\n<p>Les programmes de l&rsquo;Union europ\u00e9enne visent \u00e0 soutenir les politiques de l&rsquo;UE et sont mis en \u0153uvre par le biais du cadre financier pluriannuel (actuellement sur la p\u00e9riode 2021-2027).\u00a0\u00a0<\/p>\n<p>En g\u00e9n\u00e9ral, les PTOM sont \u00e9ligibles aux programmes g\u00e9r\u00e9s directement par l&rsquo;Union europ\u00e9enne, qui fournissent un financement sous forme de subventions pour des projets sp\u00e9cifiques en rapport avec les politiques de l&rsquo;UE, g\u00e9n\u00e9ralement \u00e0 la suite d&rsquo;un \u00ab\u00a0appel \u00e0 propositions\u00a0\u00bb comp\u00e9titif, o\u00f9 une partie du financement provient de l&rsquo;UE et une autre d&rsquo;autres sources.\u00a0<\/p>\n<p>Par ailleurs, au-del\u00e0 des programmes individuels de l&rsquo;Union, un soutien direct est apport\u00e9 via le Fonds europ\u00e9en de d\u00e9veloppement (FED).<\/p>\n","protected":false},"author":1,"featured_media":0,"parent":0,"menu_order":4,"comment_status":"closed","ping_status":"closed","template":"","meta":{"_acf_changed":false,"footnotes":""},"class_list":["post-3889","page","type-page","status-publish","hentry"],"acf":[],"yoast_head":"<!-- This site is optimized with the Yoast SEO plugin v27.4 - https:\/\/yoast.com\/product\/yoast-seo-wordpress\/ -->\n<title>Programmes de l&#039;UE dans les pays et territoires d&#039;outre-mer de l&#039;UE<\/title>\n<meta name=\"description\" content=\"Apprenez-en plus sur les d\u00e9fis des pays et territoires d&#039;outre-mer (OCTs) europ\u00e9ens et les programmes cofinanc\u00e9s par l&#039;Union Europ\u00e9enne pour les relever.\" \/>\n<meta name=\"robots\" content=\"index, follow, max-snippet:-1, max-image-preview:large, max-video-preview:-1\" \/>\n<link rel=\"canonical\" href=\"https:\/\/www.overseas-association.eu\/fr\/eu-programmes\/\" \/>\n<meta property=\"og:locale\" content=\"fr_FR\" \/>\n<meta property=\"og:type\" content=\"article\" \/>\n<meta property=\"og:title\" content=\"Programmes de l&#039;UE dans les pays et territoires d&#039;outre-mer de l&#039;UE\" \/>\n<meta property=\"og:description\" content=\"Apprenez-en plus sur les d\u00e9fis des pays et territoires d&#039;outre-mer (OCTs) europ\u00e9ens et les programmes cofinanc\u00e9s par l&#039;Union Europ\u00e9enne pour les relever.\" \/>\n<meta property=\"og:url\" content=\"https:\/\/www.overseas-association.eu\/fr\/eu-programmes\/\" \/>\n<meta property=\"og:site_name\" content=\"OCTA\" \/>\n<meta property=\"article:modified_time\" content=\"2025-07-28T09:06:45+00:00\" \/>\n<meta property=\"og:image\" content=\"https:\/\/www.overseas-association.eu\/content\/uploads\/2021\/05\/OCTA-LOGO-HORIZONTAL_octa-horizontal-txt-blue.png\" \/>\n\t<meta property=\"og:image:width\" content=\"2048\" \/>\n\t<meta property=\"og:image:height\" content=\"910\" \/>\n\t<meta property=\"og:image:type\" content=\"image\/png\" \/>\n<meta name=\"twitter:card\" content=\"summary_large_image\" \/>\n<meta name=\"twitter:label1\" content=\"Dur\u00e9e de lecture estim\u00e9e\" \/>\n\t<meta name=\"twitter:data1\" content=\"1 minute\" \/>\n<script type=\"application\/ld+json\" class=\"yoast-schema-graph\">{\"@context\":\"https:\\\/\\\/schema.org\",\"@graph\":[{\"@type\":\"WebPage\",\"@id\":\"https:\\\/\\\/www.overseas-association.eu\\\/fr\\\/eu-programmes\\\/\",\"url\":\"https:\\\/\\\/www.overseas-association.eu\\\/fr\\\/eu-programmes\\\/\",\"name\":\"Programmes de l'UE dans les pays et territoires d'outre-mer de l'UE\",\"isPartOf\":{\"@id\":\"https:\\\/\\\/www.overseas-association.eu\\\/fr\\\/#website\"},\"datePublished\":\"2021-03-30T13:08:36+00:00\",\"dateModified\":\"2025-07-28T09:06:45+00:00\",\"description\":\"Apprenez-en plus sur les d\u00e9fis des pays et territoires d'outre-mer (OCTs) europ\u00e9ens et les programmes cofinanc\u00e9s par l'Union Europ\u00e9enne pour les relever.\",\"breadcrumb\":{\"@id\":\"https:\\\/\\\/www.overseas-association.eu\\\/fr\\\/eu-programmes\\\/#breadcrumb\"},\"inLanguage\":\"fr-FR\",\"potentialAction\":[{\"@type\":\"ReadAction\",\"target\":[\"https:\\\/\\\/www.overseas-association.eu\\\/fr\\\/eu-programmes\\\/\"]}]},{\"@type\":\"BreadcrumbList\",\"@id\":\"https:\\\/\\\/www.overseas-association.eu\\\/fr\\\/eu-programmes\\\/#breadcrumb\",\"itemListElement\":[{\"@type\":\"ListItem\",\"position\":1,\"name\":\"Home\",\"item\":\"https:\\\/\\\/www.overseas-association.eu\\\/fr\\\/\"},{\"@type\":\"ListItem\",\"position\":2,\"name\":\"Financements de l&#8217;UE\"}]},{\"@type\":\"WebSite\",\"@id\":\"https:\\\/\\\/www.overseas-association.eu\\\/fr\\\/#website\",\"url\":\"https:\\\/\\\/www.overseas-association.eu\\\/fr\\\/\",\"name\":\"OCTA\",\"description\":\"Overseas Countries and Territories Association\",\"publisher\":{\"@id\":\"https:\\\/\\\/www.overseas-association.eu\\\/fr\\\/#organization\"},\"potentialAction\":[{\"@type\":\"SearchAction\",\"target\":{\"@type\":\"EntryPoint\",\"urlTemplate\":\"https:\\\/\\\/www.overseas-association.eu\\\/fr\\\/?s={search_term_string}\"},\"query-input\":{\"@type\":\"PropertyValueSpecification\",\"valueRequired\":true,\"valueName\":\"search_term_string\"}}],\"inLanguage\":\"fr-FR\"},{\"@type\":\"Organization\",\"@id\":\"https:\\\/\\\/www.overseas-association.eu\\\/fr\\\/#organization\",\"name\":\"Overseas Countries and Territories Association\",\"url\":\"https:\\\/\\\/www.overseas-association.eu\\\/fr\\\/\",\"logo\":{\"@type\":\"ImageObject\",\"inLanguage\":\"fr-FR\",\"@id\":\"https:\\\/\\\/www.overseas-association.eu\\\/fr\\\/#\\\/schema\\\/logo\\\/image\\\/\",\"url\":\"https:\\\/\\\/www.overseas-association.eu\\\/content\\\/uploads\\\/2021\\\/03\\\/logo.png\",\"contentUrl\":\"https:\\\/\\\/www.overseas-association.eu\\\/content\\\/uploads\\\/2021\\\/03\\\/logo.png\",\"width\":316,\"height\":134,\"caption\":\"Overseas Countries and Territories Association\"},\"image\":{\"@id\":\"https:\\\/\\\/www.overseas-association.eu\\\/fr\\\/#\\\/schema\\\/logo\\\/image\\\/\"}}]}<\/script>\n<!-- \/ Yoast SEO plugin. -->","yoast_head_json":{"title":"Programmes de l'UE dans les pays et territoires d'outre-mer de l'UE","description":"Apprenez-en plus sur les d\u00e9fis des pays et territoires d'outre-mer (OCTs) europ\u00e9ens et les programmes cofinanc\u00e9s par l'Union Europ\u00e9enne pour les relever.","robots":{"index":"index","follow":"follow","max-snippet":"max-snippet:-1","max-image-preview":"max-image-preview:large","max-video-preview":"max-video-preview:-1"},"canonical":"https:\/\/www.overseas-association.eu\/fr\/eu-programmes\/","og_locale":"fr_FR","og_type":"article","og_title":"Programmes de l'UE dans les pays et territoires d'outre-mer de l'UE","og_description":"Apprenez-en plus sur les d\u00e9fis des pays et territoires d'outre-mer (OCTs) europ\u00e9ens et les programmes cofinanc\u00e9s par l'Union Europ\u00e9enne pour les relever.","og_url":"https:\/\/www.overseas-association.eu\/fr\/eu-programmes\/","og_site_name":"OCTA","article_modified_time":"2025-07-28T09:06:45+00:00","og_image":[{"width":2048,"height":910,"url":"https:\/\/www.overseas-association.eu\/content\/uploads\/2021\/05\/OCTA-LOGO-HORIZONTAL_octa-horizontal-txt-blue.png","type":"image\/png"}],"twitter_card":"summary_large_image","twitter_misc":{"Dur\u00e9e de lecture estim\u00e9e":"1 minute"},"schema":{"@context":"https:\/\/schema.org","@graph":[{"@type":"WebPage","@id":"https:\/\/www.overseas-association.eu\/fr\/eu-programmes\/","url":"https:\/\/www.overseas-association.eu\/fr\/eu-programmes\/","name":"Programmes de l'UE dans les pays et territoires d'outre-mer de l'UE","isPartOf":{"@id":"https:\/\/www.overseas-association.eu\/fr\/#website"},"datePublished":"2021-03-30T13:08:36+00:00","dateModified":"2025-07-28T09:06:45+00:00","description":"Apprenez-en plus sur les d\u00e9fis des pays et territoires d'outre-mer (OCTs) europ\u00e9ens et les programmes cofinanc\u00e9s par l'Union Europ\u00e9enne pour les relever.","breadcrumb":{"@id":"https:\/\/www.overseas-association.eu\/fr\/eu-programmes\/#breadcrumb"},"inLanguage":"fr-FR","potentialAction":[{"@type":"ReadAction","target":["https:\/\/www.overseas-association.eu\/fr\/eu-programmes\/"]}]},{"@type":"BreadcrumbList","@id":"https:\/\/www.overseas-association.eu\/fr\/eu-programmes\/#breadcrumb","itemListElement":[{"@type":"ListItem","position":1,"name":"Home","item":"https:\/\/www.overseas-association.eu\/fr\/"},{"@type":"ListItem","position":2,"name":"Financements de l&#8217;UE"}]},{"@type":"WebSite","@id":"https:\/\/www.overseas-association.eu\/fr\/#website","url":"https:\/\/www.overseas-association.eu\/fr\/","name":"OCTA","description":"Overseas Countries and Territories Association","publisher":{"@id":"https:\/\/www.overseas-association.eu\/fr\/#organization"},"potentialAction":[{"@type":"SearchAction","target":{"@type":"EntryPoint","urlTemplate":"https:\/\/www.overseas-association.eu\/fr\/?s={search_term_string}"},"query-input":{"@type":"PropertyValueSpecification","valueRequired":true,"valueName":"search_term_string"}}],"inLanguage":"fr-FR"},{"@type":"Organization","@id":"https:\/\/www.overseas-association.eu\/fr\/#organization","name":"Overseas Countries and Territories Association","url":"https:\/\/www.overseas-association.eu\/fr\/","logo":{"@type":"ImageObject","inLanguage":"fr-FR","@id":"https:\/\/www.overseas-association.eu\/fr\/#\/schema\/logo\/image\/","url":"https:\/\/www.overseas-association.eu\/content\/uploads\/2021\/03\/logo.png","contentUrl":"https:\/\/www.overseas-association.eu\/content\/uploads\/2021\/03\/logo.png","width":316,"height":134,"caption":"Overseas Countries and Territories Association"},"image":{"@id":"https:\/\/www.overseas-association.eu\/fr\/#\/schema\/logo\/image\/"}}]}},"_links":{"self":[{"href":"https:\/\/www.overseas-association.eu\/fr\/wp-json\/wp\/v2\/pages\/3889","targetHints":{"allow":["GET"]}}],"collection":[{"href":"https:\/\/www.overseas-association.eu\/fr\/wp-json\/wp\/v2\/pages"}],"about":[{"href":"https:\/\/www.overseas-association.eu\/fr\/wp-json\/wp\/v2\/types\/page"}],"author":[{"embeddable":true,"href":"https:\/\/www.overseas-association.eu\/fr\/wp-json\/wp\/v2\/users\/1"}],"replies":[{"embeddable":true,"href":"https:\/\/www.overseas-association.eu\/fr\/wp-json\/wp\/v2\/comments?post=3889"}],"version-history":[{"count":0,"href":"https:\/\/www.overseas-association.eu\/fr\/wp-json\/wp\/v2\/pages\/3889\/revisions"}],"wp:attachment":[{"href":"https:\/\/www.overseas-association.eu\/fr\/wp-json\/wp\/v2\/media?parent=3889"}],"curies":[{"name":"wp","href":"https:\/\/api.w.org\/{rel}","templated":true}]}}